{"id":136601,"date":"2024-10-13T15:16:01","date_gmt":"2024-10-13T15:16:01","guid":{"rendered":"https:\/\/www.socios.com\/security\/"},"modified":"2024-10-21T12:26:36","modified_gmt":"2024-10-21T12:26:36","slug":"security","status":"publish","type":"page","link":"https:\/\/www.socios.com\/es\/security\/","title":{"rendered":"Security"},"content":{"rendered":"\t\t<div data-elementor-type=\"wp-page\" data-elementor-id=\"136601\" class=\"elementor elementor-136601 elementor-136548\" data-elementor-post-type=\"page\">\n\t\t\t\t<div class=\"elementor-element elementor-element-cb65eb9 e-flex e-con-boxed e-con e-parent\" data-id=\"cb65eb9\" data-element_type=\"container\">\n\t\t\t\t\t<div class=\"e-con-inner\">\n\t\t\t\t<div class=\"elementor-element elementor-element-f507961 elementor-widget elementor-widget-heading\" data-id=\"f507961\" data-element_type=\"widget\" data-widget_type=\"heading.default\">\n\t\t\t\t<div class=\"elementor-widget-container\">\n\t\t\t\t\t<h1 class=\"elementor-heading-title elementor-size-default\">Reportar un problema de seguridad<span style=\"color:#FB543B\">.<\/span><\/h1>\t\t\t\t<\/div>\n\t\t\t\t<\/div>\n\t\t<div class=\"elementor-element elementor-element-94a350e e-con-full e-flex e-con e-child\" data-id=\"94a350e\" data-element_type=\"container\">\n\t\t\t\t<div class=\"elementor-element elementor-element-f0e9909 elementor-widget elementor-widget-heading\" data-id=\"f0e9909\" data-element_type=\"widget\" data-widget_type=\"heading.default\">\n\t\t\t\t<div class=\"elementor-widget-container\">\n\t\t\t\t\t<h2 class=\"elementor-heading-title elementor-size-default\">Agradecemos profundamente los esfuerzos continuos de la comunidad de seguridad por ayudarnos a mantener la seguridad y la integridad de nuestra plataforma.<\/h2>\t\t\t\t<\/div>\n\t\t\t\t<\/div>\n\t\t\t\t<div class=\"elementor-element elementor-element-7fccde2 elementor-widget elementor-widget-text-editor\" data-id=\"7fccde2\" data-element_type=\"widget\" data-widget_type=\"text-editor.default\">\n\t\t\t\t<div class=\"elementor-widget-container\">\n\t\t\t\t\t\t\t\t\t<p>Las contribuciones realizadas por investigadores de seguridad son invaluables para garantizar que podamos identificar y abordar vulnerabilidades potenciales antes de que se conviertan en problemas mayores. Si has identificado una vulnerabilidad de seguridad en nuestro sistema, te animamos a que compartas tus hallazgos con nosotros. Estaremos muy interesados en revisar cualquier informaci\u00f3n que puedas proporcionar sobre el problema. La forma m\u00e1s sencilla y efectiva de informar sobre una vulnerabilidad es enviar un correo electr\u00f3nico directamente a <a href=\"mailto:security@socios.com\">security@socios.com<\/a>. Para garantizar que tu informe sea atendido de manera r\u00e1pida, necesitamos que prestes atenci\u00f3n a c\u00f3mo lo redactas:<\/p>\n\t\t\t\t\t\t\t\t<\/div>\n\t\t\t\t<\/div>\n\t\t\t\t<div class=\"elementor-element elementor-element-b739ea2 elementor-widget elementor-widget-html\" data-id=\"b739ea2\" data-element_type=\"widget\" data-widget_type=\"html.default\">\n\t\t\t\t<div class=\"elementor-widget-container\">\n\t\t\t\t\t<ol>\r\n            <li>\r\n                <div class=\"step-description\">Utiliza un t\u00edtulo descriptivo.<\/div>\r\n            <\/li>\r\n            <li>\r\n                <div class=\"step-description\">Comienza con el impacto (bajo, medio, alto).<\/div>\r\n            <\/li>\r\n            <li>\r\n                <div class=\"step-description\">Proporciona la versi\u00f3n del software donde se identific\u00f3 la vulnerabilidad.<\/div>\r\n            <\/li>\r\n            <li>\r\n                <div class=\"step-description\">Vuelve a probar en la \u00faltima versi\u00f3n.<\/div>\r\n            <\/li>\r\n            <li>\r\n                <div class=\"step-description\">Siempre proporciona instrucciones de reproducci\u00f3n paso a paso.<\/div>\r\n            <\/li>\r\n            <li>\r\n                <div class=\"step-description\">Proporciona cualquier prueba de concepto disponible para ayudar.<\/div>\r\n            <\/li>\r\n        <\/ol>\t\t\t\t<\/div>\n\t\t\t\t<\/div>\n\t\t\t\t<div class=\"elementor-element elementor-element-009e6a1 elementor-align-center elementor-widget elementor-widget-button\" data-id=\"009e6a1\" data-element_type=\"widget\" data-widget_type=\"button.default\">\n\t\t\t\t<div class=\"elementor-widget-container\">\n\t\t\t\t\t\t\t\t\t<div class=\"elementor-button-wrapper\">\n\t\t\t\t\t<a class=\"elementor-button elementor-button-link elementor-size-sm\" href=\"mailto:security@socios.com\">\n\t\t\t\t\t\t<span class=\"elementor-button-content-wrapper\">\n\t\t\t\t\t\t\t\t\t<span class=\"elementor-button-text\">Reporta el problema de seguridad.<\/span>\n\t\t\t\t\t<\/span>\n\t\t\t\t\t<\/a>\n\t\t\t\t<\/div>\n\t\t\t\t\t\t\t\t<\/div>\n\t\t\t\t<\/div>\n\t\t\t\t<div class=\"elementor-element elementor-element-a34c37e elementor-widget elementor-widget-text-editor\" data-id=\"a34c37e\" data-element_type=\"widget\" data-widget_type=\"text-editor.default\">\n\t\t\t\t<div class=\"elementor-widget-container\">\n\t\t\t\t\t\t\t\t\tDe esta manera, podemos asignar mejor nuestros recursos y solucionar el problema r\u00e1pidamente.<bR><br>\r\n\u00a1Gracias!\t\t\t\t\t\t\t\t<\/div>\n\t\t\t\t<\/div>\n\t\t\t\t<\/div>\n\t\t\t\t\t<\/div>\n\t\t\t\t<\/div>\n\t\t\t\t<\/div>\n\t\t","protected":false},"excerpt":{"rendered":"<p>Reportar un problema de seguridad. Agradecemos profundamente los esfuerzos continuos de la comunidad de seguridad por ayudarnos a mantener la seguridad y la integridad de nuestra plataforma. Las contribuciones realizadas por investigadores de seguridad son invaluables para garantizar que podamos identificar y abordar vulnerabilidades potenciales antes de que se conviertan en problemas mayores. Si has [&hellip;]<\/p>\n","protected":false},"author":9,"featured_media":121618,"parent":0,"menu_order":0,"comment_status":"closed","ping_status":"closed","template":"","meta":{"_acf_changed":false,"footnotes":""},"class_list":["post-136601","page","type-page","status-publish","has-post-thumbnail","hentry"],"acf":[],"yoast_head":"<!-- This site is optimized with the Yoast SEO plugin v26.2 - https:\/\/yoast.com\/wordpress\/plugins\/seo\/ -->\n<title>Security - Socios.com<\/title>\n<meta name=\"robots\" content=\"index, follow, max-snippet:-1, max-image-preview:large, max-video-preview:-1\" \/>\n<link rel=\"canonical\" href=\"https:\/\/www.socios.com\/es\/security\/\" \/>\n<meta property=\"og:locale\" content=\"es_ES\" \/>\n<meta property=\"og:type\" content=\"article\" \/>\n<meta property=\"og:title\" content=\"Security - Socios.com\" \/>\n<meta property=\"og:description\" content=\"Reportar un problema de seguridad. Agradecemos profundamente los esfuerzos continuos de la comunidad de seguridad por ayudarnos a mantener la seguridad y la integridad de nuestra plataforma. Las contribuciones realizadas por investigadores de seguridad son invaluables para garantizar que podamos identificar y abordar vulnerabilidades potenciales antes de que se conviertan en problemas mayores. Si has [&hellip;]\" \/>\n<meta property=\"og:url\" content=\"https:\/\/www.socios.com\/es\/security\/\" \/>\n<meta property=\"og:site_name\" content=\"Socios.com\" \/>\n<meta property=\"article:modified_time\" content=\"2024-10-21T12:26:36+00:00\" \/>\n<meta property=\"og:image\" content=\"https:\/\/www.socios.com\/wp-content\/uploads\/2024\/04\/socios-media.jpeg\" \/>\n\t<meta property=\"og:image:width\" content=\"1200\" \/>\n\t<meta property=\"og:image:height\" content=\"630\" \/>\n\t<meta property=\"og:image:type\" content=\"image\/jpeg\" \/>\n<meta name=\"twitter:card\" content=\"summary_large_image\" \/>\n<meta name=\"twitter:label1\" content=\"Tiempo de lectura\" \/>\n\t<meta name=\"twitter:data1\" content=\"1 minuto\" \/>\n<script type=\"application\/ld+json\" class=\"yoast-schema-graph\">{\"@context\":\"https:\/\/schema.org\",\"@graph\":[{\"@type\":\"WebPage\",\"@id\":\"https:\/\/www.socios.com\/es\/security\/\",\"url\":\"https:\/\/www.socios.com\/es\/security\/\",\"name\":\"Security - Socios.com\",\"isPartOf\":{\"@id\":\"https:\/\/www.socios.com\/es\/#website\"},\"primaryImageOfPage\":{\"@id\":\"https:\/\/www.socios.com\/es\/security\/#primaryimage\"},\"image\":{\"@id\":\"https:\/\/www.socios.com\/es\/security\/#primaryimage\"},\"thumbnailUrl\":\"https:\/\/www.socios.com\/wp-content\/uploads\/2024\/04\/socios-media.jpeg\",\"datePublished\":\"2024-10-13T15:16:01+00:00\",\"dateModified\":\"2024-10-21T12:26:36+00:00\",\"breadcrumb\":{\"@id\":\"https:\/\/www.socios.com\/es\/security\/#breadcrumb\"},\"inLanguage\":\"es\",\"potentialAction\":[{\"@type\":\"ReadAction\",\"target\":[\"https:\/\/www.socios.com\/es\/security\/\"]}]},{\"@type\":\"ImageObject\",\"inLanguage\":\"es\",\"@id\":\"https:\/\/www.socios.com\/es\/security\/#primaryimage\",\"url\":\"https:\/\/www.socios.com\/wp-content\/uploads\/2024\/04\/socios-media.jpeg\",\"contentUrl\":\"https:\/\/www.socios.com\/wp-content\/uploads\/2024\/04\/socios-media.jpeg\",\"width\":1200,\"height\":630},{\"@type\":\"BreadcrumbList\",\"@id\":\"https:\/\/www.socios.com\/es\/security\/#breadcrumb\",\"itemListElement\":[{\"@type\":\"ListItem\",\"position\":1,\"name\":\"Home\",\"item\":\"https:\/\/www.socios.com\/es\/\"},{\"@type\":\"ListItem\",\"position\":2,\"name\":\"Security\"}]},{\"@type\":\"WebSite\",\"@id\":\"https:\/\/www.socios.com\/es\/#website\",\"url\":\"https:\/\/www.socios.com\/es\/\",\"name\":\"Socios.com\",\"description\":\"\",\"publisher\":{\"@id\":\"https:\/\/www.socios.com\/es\/#organization\"},\"potentialAction\":[{\"@type\":\"SearchAction\",\"target\":{\"@type\":\"EntryPoint\",\"urlTemplate\":\"https:\/\/www.socios.com\/es\/?s={search_term_string}\"},\"query-input\":{\"@type\":\"PropertyValueSpecification\",\"valueRequired\":true,\"valueName\":\"search_term_string\"}}],\"inLanguage\":\"es\"},{\"@type\":\"Organization\",\"@id\":\"https:\/\/www.socios.com\/es\/#organization\",\"name\":\"Socios.com\",\"url\":\"https:\/\/www.socios.com\/es\/\",\"logo\":{\"@type\":\"ImageObject\",\"inLanguage\":\"es\",\"@id\":\"https:\/\/www.socios.com\/es\/#\/schema\/logo\/image\/\",\"url\":\"https:\/\/www.socios.com\/wp-content\/uploads\/2023\/09\/socios-logo.webp\",\"contentUrl\":\"https:\/\/www.socios.com\/wp-content\/uploads\/2023\/09\/socios-logo.webp\",\"width\":1920,\"height\":341,\"caption\":\"Socios.com\"},\"image\":{\"@id\":\"https:\/\/www.socios.com\/es\/#\/schema\/logo\/image\/\"}}]}<\/script>\n<!-- \/ Yoast SEO plugin. -->","yoast_head_json":{"title":"Security - Socios.com","robots":{"index":"index","follow":"follow","max-snippet":"max-snippet:-1","max-image-preview":"max-image-preview:large","max-video-preview":"max-video-preview:-1"},"canonical":"https:\/\/www.socios.com\/es\/security\/","og_locale":"es_ES","og_type":"article","og_title":"Security - Socios.com","og_description":"Reportar un problema de seguridad. Agradecemos profundamente los esfuerzos continuos de la comunidad de seguridad por ayudarnos a mantener la seguridad y la integridad de nuestra plataforma. Las contribuciones realizadas por investigadores de seguridad son invaluables para garantizar que podamos identificar y abordar vulnerabilidades potenciales antes de que se conviertan en problemas mayores. Si has [&hellip;]","og_url":"https:\/\/www.socios.com\/es\/security\/","og_site_name":"Socios.com","article_modified_time":"2024-10-21T12:26:36+00:00","og_image":[{"width":1200,"height":630,"url":"https:\/\/www.socios.com\/wp-content\/uploads\/2024\/04\/socios-media.jpeg","type":"image\/jpeg"}],"twitter_card":"summary_large_image","twitter_misc":{"Tiempo de lectura":"1 minuto"},"schema":{"@context":"https:\/\/schema.org","@graph":[{"@type":"WebPage","@id":"https:\/\/www.socios.com\/es\/security\/","url":"https:\/\/www.socios.com\/es\/security\/","name":"Security - Socios.com","isPartOf":{"@id":"https:\/\/www.socios.com\/es\/#website"},"primaryImageOfPage":{"@id":"https:\/\/www.socios.com\/es\/security\/#primaryimage"},"image":{"@id":"https:\/\/www.socios.com\/es\/security\/#primaryimage"},"thumbnailUrl":"https:\/\/www.socios.com\/wp-content\/uploads\/2024\/04\/socios-media.jpeg","datePublished":"2024-10-13T15:16:01+00:00","dateModified":"2024-10-21T12:26:36+00:00","breadcrumb":{"@id":"https:\/\/www.socios.com\/es\/security\/#breadcrumb"},"inLanguage":"es","potentialAction":[{"@type":"ReadAction","target":["https:\/\/www.socios.com\/es\/security\/"]}]},{"@type":"ImageObject","inLanguage":"es","@id":"https:\/\/www.socios.com\/es\/security\/#primaryimage","url":"https:\/\/www.socios.com\/wp-content\/uploads\/2024\/04\/socios-media.jpeg","contentUrl":"https:\/\/www.socios.com\/wp-content\/uploads\/2024\/04\/socios-media.jpeg","width":1200,"height":630},{"@type":"BreadcrumbList","@id":"https:\/\/www.socios.com\/es\/security\/#breadcrumb","itemListElement":[{"@type":"ListItem","position":1,"name":"Home","item":"https:\/\/www.socios.com\/es\/"},{"@type":"ListItem","position":2,"name":"Security"}]},{"@type":"WebSite","@id":"https:\/\/www.socios.com\/es\/#website","url":"https:\/\/www.socios.com\/es\/","name":"Socios.com","description":"","publisher":{"@id":"https:\/\/www.socios.com\/es\/#organization"},"potentialAction":[{"@type":"SearchAction","target":{"@type":"EntryPoint","urlTemplate":"https:\/\/www.socios.com\/es\/?s={search_term_string}"},"query-input":{"@type":"PropertyValueSpecification","valueRequired":true,"valueName":"search_term_string"}}],"inLanguage":"es"},{"@type":"Organization","@id":"https:\/\/www.socios.com\/es\/#organization","name":"Socios.com","url":"https:\/\/www.socios.com\/es\/","logo":{"@type":"ImageObject","inLanguage":"es","@id":"https:\/\/www.socios.com\/es\/#\/schema\/logo\/image\/","url":"https:\/\/www.socios.com\/wp-content\/uploads\/2023\/09\/socios-logo.webp","contentUrl":"https:\/\/www.socios.com\/wp-content\/uploads\/2023\/09\/socios-logo.webp","width":1920,"height":341,"caption":"Socios.com"},"image":{"@id":"https:\/\/www.socios.com\/es\/#\/schema\/logo\/image\/"}}]}},"_links":{"self":[{"href":"https:\/\/www.socios.com\/es\/wp-json\/wp\/v2\/pages\/136601","targetHints":{"allow":["GET"]}}],"collection":[{"href":"https:\/\/www.socios.com\/es\/wp-json\/wp\/v2\/pages"}],"about":[{"href":"https:\/\/www.socios.com\/es\/wp-json\/wp\/v2\/types\/page"}],"author":[{"embeddable":true,"href":"https:\/\/www.socios.com\/es\/wp-json\/wp\/v2\/users\/9"}],"replies":[{"embeddable":true,"href":"https:\/\/www.socios.com\/es\/wp-json\/wp\/v2\/comments?post=136601"}],"version-history":[{"count":0,"href":"https:\/\/www.socios.com\/es\/wp-json\/wp\/v2\/pages\/136601\/revisions"}],"wp:featuredmedia":[{"embeddable":true,"href":"https:\/\/www.socios.com\/es\/wp-json\/wp\/v2\/media\/121618"}],"wp:attachment":[{"href":"https:\/\/www.socios.com\/es\/wp-json\/wp\/v2\/media?parent=136601"}],"curies":[{"name":"wp","href":"https:\/\/api.w.org\/{rel}","templated":true}]}}