{"id":158234,"date":"2025-06-19T13:38:19","date_gmt":"2025-06-19T13:38:19","guid":{"rendered":"https:\/\/www.socios.com\/sustainability\/"},"modified":"2025-10-01T08:50:50","modified_gmt":"2025-10-01T08:50:50","slug":"sustainability","status":"publish","type":"page","link":"https:\/\/www.socios.com\/es\/sustainability\/","title":{"rendered":"Sustainability"},"content":{"rendered":"\t\t<div data-elementor-type=\"wp-page\" data-elementor-id=\"158234\" class=\"elementor elementor-158234 elementor-141795\" data-elementor-post-type=\"page\">\n\t\t\t\t<div class=\"elementor-element elementor-element-888308a e-con-full e-flex e-con e-parent\" data-id=\"888308a\" data-element_type=\"container\">\n\t\t\t\t<div class=\"elementor-element elementor-element-fa01e06 elementor-widget elementor-widget-shortcode\" data-id=\"fa01e06\" data-element_type=\"widget\" data-widget_type=\"shortcode.default\">\n\t\t\t\t<div class=\"elementor-widget-container\">\n\t\t\t\t\t\t\t<div class=\"elementor-shortcode\">    <div class=\"sustainability-container\">\n        <div class=\"sdd-hero-section\">\n            <div class=\"sdd-hero-content\">\n                <h1>Building a sustainable future<br>for Web3 sport.<\/h1>\n                <p>Chiliz Chain is building towards an energy-efficient and sustainable Web3. Launched in alignment with the Markets in Crypto-Assets (MiCA) regulation, our Sustainability Dashboard now provides indicators for key sustainability metrics.<\/p>\n            <\/div>\n        <\/div>\n\n        <div class=\"sdd-data-content\">\n            <h2>Sustainability Indicators dashboard.<\/h2>\n            <div>\n                The Chiliz Chain Sustainability Dashboard displays indicators for key metrics such as electricity consumption.\n<br><br>\nThe dashboard has been created in association with Crypto Risk Metrics, using their methodology to assure fair use of indicators and data in accordance with MiCA regulations and the associated Regulatory Technical Standards.\n<br><br>\nEnergy consumption metrics for each Fan Token built on Chiliz Chain will also be made available via whitepapers.\n<br><br>\nAccelerating climate action and creating a sustainable future for Web3 sport is a key priority for Chiliz Chain.  Check out our Chiliz Chain Adverse Impact disclosure <a href=\"https:\/\/www.socios.com\/legal-hub\/mica-regulation\/disclosure\/chiliz-chain-adverse-impact\/en\/\">here<\/a>            <\/div>\n\n            <div class=\"sdd-button-section\">\n                <div class=\"sdd-custom-select\">\n                    <button\n                        id=\"sdd-dropdown\"\n                        class=\"sdd-select-button\"\n                        role=\"combobox\"\n                        aria-label=\"select button\"\n                        aria-haspopup=\"listbox\"\n                        aria-expanded=\"false\"\n                        aria-controls=\"select-dropdown\">\n                        <span class=\"sdd-selected-value\"><\/span>\n                        <span class=\"sdd-arrow\">&rsaquo;<\/span>\n                    <\/button>\n                    <ul class=\"sdd-select-dropdown hidden\" role=\"listbox\" id=\"sdd-select-dropdown\" aria-labelledby=\"dropdown-button\">\n                        <li role=\"option\" data-value=\"141235\">AC Milan<\/li><li role=\"option\" data-value=\"141536\">Alanyaspor<\/li><li role=\"option\" data-value=\"141550\">Alliance<\/li><li role=\"option\" data-value=\"141557\">Apollon Limassol FC<\/li><li role=\"option\" data-value=\"141312\">Argentina<\/li><li role=\"option\" data-value=\"141732\">Arsenal FC<\/li><li role=\"option\" data-value=\"141564\">AS Monaco<\/li><li role=\"option\" data-value=\"141249\">AS Roma<\/li><li role=\"option\" data-value=\"141704\">Aston Martin Aramco Cognizant F1\u00ae Team<\/li><li role=\"option\" data-value=\"141571\">Aston Villa<\/li><li role=\"option\" data-value=\"141774\">Atlas FC<\/li><li role=\"option\" data-value=\"141256\">Atl\u00e9tico de Madrid<\/li><li role=\"option\" data-value=\"141599\">BALI UNITED<\/li><li role=\"option\" data-value=\"141424\">Bologna FC<\/li><li role=\"option\" data-value=\"141760\">BSC Young Boys<\/li><li role=\"option\" data-value=\"141228\">Chiliz<\/li><li role=\"option\" data-value=\"141459\">Chivas<\/li><li role=\"option\" data-value=\"141648\">Club Atl\u00e9tico Independiente<\/li><li role=\"option\" data-value=\"141382\">Club Santos Laguna<\/li><li role=\"option\" data-value=\"141431\">Clube Atl\u00e9tico Mineiro<\/li><li role=\"option\" data-value=\"141438\">Corinthians<\/li><li role=\"option\" data-value=\"141606\">Crystal Palace<\/li><li role=\"option\" data-value=\"141522\">Davis Cup<\/li><li role=\"option\" data-value=\"141578\">EC Bahia<\/li><li role=\"option\" data-value=\"141396\">Endpoint CeX<\/li><li role=\"option\" data-value=\"141711\">Everton Football Club<\/li><li role=\"option\" data-value=\"141284\">FC Barcelona<\/li><li role=\"option\" data-value=\"141452\">FC Internazionale Milano<\/li><li role=\"option\" data-value=\"141718\">FIGC<\/li><li role=\"option\" data-value=\"141319\">Flamengo<\/li><li role=\"option\" data-value=\"141634\">Fluminense FC<\/li><li role=\"option\" data-value=\"141403\">Fortuna Sittard<\/li><li role=\"option\" data-value=\"141480\">Galatasaray S.K.<\/li><li role=\"option\" data-value=\"141620\">Gaziantep FK<\/li><li role=\"option\" data-value=\"141389\">GNK Dinamo Zagreb<\/li><li role=\"option\" data-value=\"141781\">G\u00f6ztepe S.K.<\/li><li role=\"option\" data-value=\"141655\">Harlequins<\/li><li role=\"option\" data-value=\"141662\">Hashtag United F.C.<\/li><li role=\"option\" data-value=\"141753\">\u0130stanbul Ba\u015fak\u015fehir FK<\/li><li role=\"option\" data-value=\"141690\">Johor Darul Ta&#039;zim F.C<\/li><li role=\"option\" data-value=\"141305\">Juventus<\/li><li role=\"option\" data-value=\"141739\">Leeds United FC<\/li><li role=\"option\" data-value=\"141627\">Legia Warsaw<\/li><li role=\"option\" data-value=\"141354\">Leicester Tigers<\/li><li role=\"option\" data-value=\"141487\">Levante U.D.<\/li><li role=\"option\" data-value=\"141298\">Manchester City FC<\/li><li role=\"option\" data-value=\"141361\">MIBR<\/li><li role=\"option\" data-value=\"141333\">Millonarios<\/li><li role=\"option\" data-value=\"141613\">Napoli<\/li><li role=\"option\" data-value=\"141515\">Natus Vincere<\/li><li role=\"option\" data-value=\"141473\">Novara Calcio<\/li><li role=\"option\" data-value=\"141277\">OG<\/li><li role=\"option\" data-value=\"141788\">Paris Saint-Germain<\/li><li role=\"option\" data-value=\"141676\">Persib<\/li><li role=\"option\" data-value=\"141592\">Persija<\/li><li role=\"option\" data-value=\"141263\">Portugal National Team<\/li><li role=\"option\" data-value=\"141347\">Professional Fighters League<\/li><li role=\"option\" data-value=\"141697\">Racing Club<\/li><li role=\"option\" data-value=\"141641\">Real Sociedad<\/li><li role=\"option\" data-value=\"141417\">RFK Racing<\/li><li role=\"option\" data-value=\"141683\">S.C. Internacional<\/li><li role=\"option\" data-value=\"141368\">Samsunspor<\/li><li role=\"option\" data-value=\"141445\">S\u00e3o Paulo FC<\/li><li role=\"option\" data-value=\"141543\">Saracens<\/li><li role=\"option\" data-value=\"141207\">SE Palmeiras<\/li><li role=\"option\" data-value=\"141725\">Sevilla FC<\/li><li role=\"option\" data-value=\"141410\">Sint-Truidense Voetbalvereniging<\/li><li role=\"option\" data-value=\"141585\">SL Benfica<\/li><li role=\"option\" data-value=\"141669\">Stade Fran\u00e7ais Paris<\/li><li role=\"option\" data-value=\"141529\">Stake F1\u00ae Team KICK Sauber<\/li><li role=\"option\" data-value=\"141501\">Team Heretics<\/li><li role=\"option\" data-value=\"141767\">The Sharks<\/li><li role=\"option\" data-value=\"141375\">Tigres<\/li><li role=\"option\" data-value=\"141270\">Tottenham Hotspur<\/li><li role=\"option\" data-value=\"141326\">Trabzonspor<\/li><li role=\"option\" data-value=\"141494\">Udinese<\/li><li role=\"option\" data-value=\"141466\">UFC<\/li><li role=\"option\" data-value=\"141214\">Universidad de Chile<\/li><li role=\"option\" data-value=\"141746\">Valencia CF<\/li><li role=\"option\" data-value=\"141340\">Vasco da Gama<\/li><li role=\"option\" data-value=\"141508\">Vitality<\/li>                    <\/ul>\n\n\n                <\/div>\n\n                <a id=\"download-data-dashboard\" class=\"sdd-action-button\" target=\u201d_blank\u201d rel=\"noreferrer noopener\">\n                    Download Indicators Dashboard                    <img decoding=\"async\" src=\"https:\/\/www.socios.com\/wp-content\/plugins\/sustainability-data-dashboard\/assets\/images\/pdf-icon.svg\" alt=\"PDF icon\" class=\"pdf-icon\">\n                <\/a>\n\n                <a id=\"download-pdf\" class=\"sdd-action-button\" target=\u201d_blank\u201d rel=\"noreferrer noopener\">\n                    Download Whitepaper                    <img decoding=\"async\" src=\"https:\/\/www.socios.com\/wp-content\/plugins\/sustainability-data-dashboard\/assets\/images\/pdf-icon.svg\" alt=\"PDF icon\" class=\"pdf-icon\">\n                <\/a>\n            <\/div>\n\n            <div class=\"sdd-table-section\">\n                <div class=\"sdd-custom-table desktop\">\n                    <div class=\"sdd-table-header\">\n                        <div class=\"sdd-table-cell type\">Type<\/div>\n                        <div class=\"sdd-table-cell description\">Description<\/div>\n                        <div class=\"sdd-table-cell estimate\">Estimate Data<\/div>\n                        <div class=\"sdd-table-cell methodology\">Methodology Employed And Source Of Information<\/div>\n                    <\/div>\n\n                    <div class=\"sdd-table-row\">\n                        <div class=\"sdd-table-cell type energy\">\n                            <img decoding=\"async\" src=\"https:\/\/www.socios.com\/wp-content\/plugins\/sustainability-data-dashboard\/assets\/images\/flash.svg\" alt=\"Energy\" class=\"sdd-energy\" \/><span>Energy<\/span>\n                        <\/div>\n                        <div class=\"sdd-table-cell description\">\n                            <div class=\"sdd-line\">Energy Consumption<\/div>\n                            <div class=\"sdd-line\">Renewable Energy Consumption<\/div>\n                            <div class=\"sdd-line\">Energy Intensity<\/div>\n                        <\/div>\n                        <div class=\"sdd-table-cell estimate\">\n                            <div class=\"sdd-line sdd-energy-consumption-val\">-<\/div>\n                            <div class=\"sdd-line sdd-renewable-energy-val\">-<\/div>\n                            <div class=\"sdd-line sdd-energy-intensity-val\">-<\/div>\n                        <\/div>\n                        <div class=\"sdd-table-cell methodology\">\n                            <p class=\"sdd-methodology-val\">-<\/p>\n                        <\/div>\n                    <\/div>\n\n                    <!--<div class=\"sdd-table-row\">\n                        <div class=\"sdd-table-cell type ghg\">\n                            <img decoding=\"async\" src=\"assets\/images\/earth-globe.svg\" alt=\"GHG\" class=\"sdd-emmisions\" \/><span><\/span>\n                        <\/div>\n                        <div class=\"sdd-table-cell description\">\n                            <div class=\"sdd-line\"><\/div>\n                            <div class=\"sdd-line\"><\/div>\n                            <div class=\"sdd-line\"><\/div>\n                        <\/div>\n                        <div class=\"sdd-table-cell estimate\">\n                            <div class=\"sdd-line sdd-score-controlled-val\">-<\/div>\n                            <div class=\"sdd-line sdd-score-purchased-val\">-<\/div>\n                            <div class=\"sdd-line sdd-ghg-intensity-val\">-<\/div>\n                        <\/div>\n                        <div class=\"sdd-table-cell methodology\">\n                            <p class=\"sdd-ghg-methodolgy-val\">-<\/p>\n                        <\/div>\n                    <\/div>-->\n                <\/div>\n\n                <div class=\"sdd-custom-table mobile\">\n                    <div class=\"sdd-table-row\">\n                        <div class=\"sdd-table-cell type energy\">\n                            <img decoding=\"async\" src=\"https:\/\/www.socios.com\/wp-content\/plugins\/sustainability-data-dashboard\/assets\/images\/flash.svg\" alt=\"Energy\" class=\"sdd-energy\" \/><span>Energy<\/span>\n                        <\/div>\n                        <div class=\"sdd-table-cell\">\n                            <div>Energy Consumption<\/div>\n                            <div class=\"sdd-energy-consumption-val\">-<\/div>\n                        <\/div>\n                        <div class=\"sdd-table-cell \">\n                            <div>Renewable Energy Consumption<\/div>\n                            <div class=\"sdd-renewable-energy-val\">-<\/div>\n                        <\/div>\n                        <div class=\"sdd-table-cell \">\n                            <div>Energy Intensity<\/div>\n                            <div class=\"sdd-renewable-energy-val\">-<\/div>\n                        <\/div>\n                        <!--<div class=\"sdd-table-cell\">\n                            <div><\/div>\n                            <div class=\"sdd-energy-intensity-val\">-<\/div>\n                        <\/div>-->\n                        <div class=\"sdd-table-cell methodology\">\n                            <p class=\"sdd-methodology-val\">-<\/p>\n                        <\/div>\n                    <\/div>\n\n                    <!--<div class=\"sdd-table-row\">\n                        <div class=\"sdd-table-cell type ghg\">\n                            <img decoding=\"async\" src=\"assets\/images\/earth-globe.svg\" alt=\"GHG\" class=\"sdd-emmisions\" \/><span><\/span>\n                        <\/div>\n                        <div class=\"sdd-table-cell description\">\n                            <div><\/div>\n                            <div class=\"sdd-score-controlled-val\">-<\/div>\n                        <\/div>\n                        <div class=\"sdd-table-cell estimate\">\n                            <div><\/div>\n                            <div class=\"sdd-score-purchased-val\">-<\/div>\n                        <\/div>\n                        <div class=\"sdd-table-cell\">\n                            <div><\/div>\n                            <div class=\"sdd-ghg-intensity-val\">-<\/div>\n                        <\/div>\n                        <div class=\"sdd-table-cell methodology\">\n                            <p class=\"sdd-ghg-methodolgy-val\">-<\/p>\n                        <\/div>\n                    <\/div>-->\n                <\/div>\n            <\/div>\n\n            <div class=\"sdd-update-text\">\n                <span class=\"sdd-update-text-title\">Last updated on <\/span>\n                <span class=\"sdd-update-text-val\"><\/span>\n            <\/div>\n            <div class=\"sdd-disclaimer\">*No need to display the values as the yearly energy consumption does not exceed 500 000 kWh.<\/div>\n        <\/div>\n    <\/div>\n<\/div>\n\t\t\t\t\t\t<\/div>\n\t\t\t\t<\/div>\n\t\t\t\t<\/div>\n\t\t\t\t<\/div>\n\t\t","protected":false},"excerpt":{"rendered":"","protected":false},"author":9,"featured_media":121618,"parent":0,"menu_order":0,"comment_status":"closed","ping_status":"closed","template":"","meta":{"_acf_changed":false,"footnotes":""},"class_list":["post-158234","page","type-page","status-publish","has-post-thumbnail","hentry"],"acf":[],"yoast_head":"<!-- This site is optimized with the Yoast SEO plugin v26.2 - https:\/\/yoast.com\/wordpress\/plugins\/seo\/ -->\n<title>Sustainability - Socios.com<\/title>\n<meta name=\"robots\" content=\"index, follow, max-snippet:-1, max-image-preview:large, max-video-preview:-1\" \/>\n<link rel=\"canonical\" href=\"https:\/\/www.socios.com\/es\/sustainability\/\" \/>\n<meta property=\"og:locale\" content=\"es_ES\" \/>\n<meta property=\"og:type\" content=\"article\" \/>\n<meta property=\"og:title\" content=\"Sustainability - Socios.com\" \/>\n<meta property=\"og:url\" content=\"https:\/\/www.socios.com\/es\/sustainability\/\" \/>\n<meta property=\"og:site_name\" content=\"Socios.com\" \/>\n<meta property=\"article:modified_time\" content=\"2025-10-01T08:50:50+00:00\" \/>\n<meta property=\"og:image\" content=\"https:\/\/www.socios.com\/wp-content\/uploads\/2024\/04\/socios-media.jpeg\" \/>\n\t<meta property=\"og:image:width\" content=\"1200\" \/>\n\t<meta property=\"og:image:height\" content=\"630\" \/>\n\t<meta property=\"og:image:type\" content=\"image\/jpeg\" \/>\n<meta name=\"twitter:card\" content=\"summary_large_image\" \/>\n<script type=\"application\/ld+json\" class=\"yoast-schema-graph\">{\"@context\":\"https:\/\/schema.org\",\"@graph\":[{\"@type\":\"WebPage\",\"@id\":\"https:\/\/www.socios.com\/es\/sustainability\/\",\"url\":\"https:\/\/www.socios.com\/es\/sustainability\/\",\"name\":\"Sustainability - Socios.com\",\"isPartOf\":{\"@id\":\"https:\/\/www.socios.com\/es\/#website\"},\"primaryImageOfPage\":{\"@id\":\"https:\/\/www.socios.com\/es\/sustainability\/#primaryimage\"},\"image\":{\"@id\":\"https:\/\/www.socios.com\/es\/sustainability\/#primaryimage\"},\"thumbnailUrl\":\"https:\/\/www.socios.com\/wp-content\/uploads\/2024\/04\/socios-media.jpeg\",\"datePublished\":\"2025-06-19T13:38:19+00:00\",\"dateModified\":\"2025-10-01T08:50:50+00:00\",\"breadcrumb\":{\"@id\":\"https:\/\/www.socios.com\/es\/sustainability\/#breadcrumb\"},\"inLanguage\":\"es\",\"potentialAction\":[{\"@type\":\"ReadAction\",\"target\":[\"https:\/\/www.socios.com\/es\/sustainability\/\"]}]},{\"@type\":\"ImageObject\",\"inLanguage\":\"es\",\"@id\":\"https:\/\/www.socios.com\/es\/sustainability\/#primaryimage\",\"url\":\"https:\/\/www.socios.com\/wp-content\/uploads\/2024\/04\/socios-media.jpeg\",\"contentUrl\":\"https:\/\/www.socios.com\/wp-content\/uploads\/2024\/04\/socios-media.jpeg\",\"width\":1200,\"height\":630},{\"@type\":\"BreadcrumbList\",\"@id\":\"https:\/\/www.socios.com\/es\/sustainability\/#breadcrumb\",\"itemListElement\":[{\"@type\":\"ListItem\",\"position\":1,\"name\":\"Home\",\"item\":\"https:\/\/www.socios.com\/es\/\"},{\"@type\":\"ListItem\",\"position\":2,\"name\":\"Sustainability\"}]},{\"@type\":\"WebSite\",\"@id\":\"https:\/\/www.socios.com\/es\/#website\",\"url\":\"https:\/\/www.socios.com\/es\/\",\"name\":\"Socios.com\",\"description\":\"\",\"publisher\":{\"@id\":\"https:\/\/www.socios.com\/es\/#organization\"},\"potentialAction\":[{\"@type\":\"SearchAction\",\"target\":{\"@type\":\"EntryPoint\",\"urlTemplate\":\"https:\/\/www.socios.com\/es\/?s={search_term_string}\"},\"query-input\":{\"@type\":\"PropertyValueSpecification\",\"valueRequired\":true,\"valueName\":\"search_term_string\"}}],\"inLanguage\":\"es\"},{\"@type\":\"Organization\",\"@id\":\"https:\/\/www.socios.com\/es\/#organization\",\"name\":\"Socios.com\",\"url\":\"https:\/\/www.socios.com\/es\/\",\"logo\":{\"@type\":\"ImageObject\",\"inLanguage\":\"es\",\"@id\":\"https:\/\/www.socios.com\/es\/#\/schema\/logo\/image\/\",\"url\":\"https:\/\/www.socios.com\/wp-content\/uploads\/2023\/09\/socios-logo.webp\",\"contentUrl\":\"https:\/\/www.socios.com\/wp-content\/uploads\/2023\/09\/socios-logo.webp\",\"width\":1920,\"height\":341,\"caption\":\"Socios.com\"},\"image\":{\"@id\":\"https:\/\/www.socios.com\/es\/#\/schema\/logo\/image\/\"}}]}<\/script>\n<!-- \/ Yoast SEO plugin. -->","yoast_head_json":{"title":"Sustainability - Socios.com","robots":{"index":"index","follow":"follow","max-snippet":"max-snippet:-1","max-image-preview":"max-image-preview:large","max-video-preview":"max-video-preview:-1"},"canonical":"https:\/\/www.socios.com\/es\/sustainability\/","og_locale":"es_ES","og_type":"article","og_title":"Sustainability - Socios.com","og_url":"https:\/\/www.socios.com\/es\/sustainability\/","og_site_name":"Socios.com","article_modified_time":"2025-10-01T08:50:50+00:00","og_image":[{"width":1200,"height":630,"url":"https:\/\/www.socios.com\/wp-content\/uploads\/2024\/04\/socios-media.jpeg","type":"image\/jpeg"}],"twitter_card":"summary_large_image","schema":{"@context":"https:\/\/schema.org","@graph":[{"@type":"WebPage","@id":"https:\/\/www.socios.com\/es\/sustainability\/","url":"https:\/\/www.socios.com\/es\/sustainability\/","name":"Sustainability - Socios.com","isPartOf":{"@id":"https:\/\/www.socios.com\/es\/#website"},"primaryImageOfPage":{"@id":"https:\/\/www.socios.com\/es\/sustainability\/#primaryimage"},"image":{"@id":"https:\/\/www.socios.com\/es\/sustainability\/#primaryimage"},"thumbnailUrl":"https:\/\/www.socios.com\/wp-content\/uploads\/2024\/04\/socios-media.jpeg","datePublished":"2025-06-19T13:38:19+00:00","dateModified":"2025-10-01T08:50:50+00:00","breadcrumb":{"@id":"https:\/\/www.socios.com\/es\/sustainability\/#breadcrumb"},"inLanguage":"es","potentialAction":[{"@type":"ReadAction","target":["https:\/\/www.socios.com\/es\/sustainability\/"]}]},{"@type":"ImageObject","inLanguage":"es","@id":"https:\/\/www.socios.com\/es\/sustainability\/#primaryimage","url":"https:\/\/www.socios.com\/wp-content\/uploads\/2024\/04\/socios-media.jpeg","contentUrl":"https:\/\/www.socios.com\/wp-content\/uploads\/2024\/04\/socios-media.jpeg","width":1200,"height":630},{"@type":"BreadcrumbList","@id":"https:\/\/www.socios.com\/es\/sustainability\/#breadcrumb","itemListElement":[{"@type":"ListItem","position":1,"name":"Home","item":"https:\/\/www.socios.com\/es\/"},{"@type":"ListItem","position":2,"name":"Sustainability"}]},{"@type":"WebSite","@id":"https:\/\/www.socios.com\/es\/#website","url":"https:\/\/www.socios.com\/es\/","name":"Socios.com","description":"","publisher":{"@id":"https:\/\/www.socios.com\/es\/#organization"},"potentialAction":[{"@type":"SearchAction","target":{"@type":"EntryPoint","urlTemplate":"https:\/\/www.socios.com\/es\/?s={search_term_string}"},"query-input":{"@type":"PropertyValueSpecification","valueRequired":true,"valueName":"search_term_string"}}],"inLanguage":"es"},{"@type":"Organization","@id":"https:\/\/www.socios.com\/es\/#organization","name":"Socios.com","url":"https:\/\/www.socios.com\/es\/","logo":{"@type":"ImageObject","inLanguage":"es","@id":"https:\/\/www.socios.com\/es\/#\/schema\/logo\/image\/","url":"https:\/\/www.socios.com\/wp-content\/uploads\/2023\/09\/socios-logo.webp","contentUrl":"https:\/\/www.socios.com\/wp-content\/uploads\/2023\/09\/socios-logo.webp","width":1920,"height":341,"caption":"Socios.com"},"image":{"@id":"https:\/\/www.socios.com\/es\/#\/schema\/logo\/image\/"}}]}},"_links":{"self":[{"href":"https:\/\/www.socios.com\/es\/wp-json\/wp\/v2\/pages\/158234","targetHints":{"allow":["GET"]}}],"collection":[{"href":"https:\/\/www.socios.com\/es\/wp-json\/wp\/v2\/pages"}],"about":[{"href":"https:\/\/www.socios.com\/es\/wp-json\/wp\/v2\/types\/page"}],"author":[{"embeddable":true,"href":"https:\/\/www.socios.com\/es\/wp-json\/wp\/v2\/users\/9"}],"replies":[{"embeddable":true,"href":"https:\/\/www.socios.com\/es\/wp-json\/wp\/v2\/comments?post=158234"}],"version-history":[{"count":3,"href":"https:\/\/www.socios.com\/es\/wp-json\/wp\/v2\/pages\/158234\/revisions"}],"predecessor-version":[{"id":161594,"href":"https:\/\/www.socios.com\/es\/wp-json\/wp\/v2\/pages\/158234\/revisions\/161594"}],"wp:featuredmedia":[{"embeddable":true,"href":"https:\/\/www.socios.com\/es\/wp-json\/wp\/v2\/media\/121618"}],"wp:attachment":[{"href":"https:\/\/www.socios.com\/es\/wp-json\/wp\/v2\/media?parent=158234"}],"curies":[{"name":"wp","href":"https:\/\/api.w.org\/{rel}","templated":true}]}}