{"id":136599,"date":"2024-10-13T15:16:01","date_gmt":"2024-10-13T15:16:01","guid":{"rendered":"https:\/\/www.socios.com\/security\/"},"modified":"2024-10-21T12:22:35","modified_gmt":"2024-10-21T12:22:35","slug":"security","status":"publish","type":"page","link":"https:\/\/www.socios.com\/pt-pt\/security\/","title":{"rendered":"Security"},"content":{"rendered":"\t\t<div data-elementor-type=\"wp-page\" data-elementor-id=\"136599\" class=\"elementor elementor-136599 elementor-136548\" data-elementor-post-type=\"page\">\n\t\t\t\t<div class=\"elementor-element elementor-element-cb65eb9 e-flex e-con-boxed e-con e-parent\" data-id=\"cb65eb9\" data-element_type=\"container\">\n\t\t\t\t\t<div class=\"e-con-inner\">\n\t\t\t\t<div class=\"elementor-element elementor-element-f507961 elementor-widget elementor-widget-heading\" data-id=\"f507961\" data-element_type=\"widget\" data-widget_type=\"heading.default\">\n\t\t\t\t<div class=\"elementor-widget-container\">\n\t\t\t\t\t<h1 class=\"elementor-heading-title elementor-size-default\">Reporta um problema de seguran\u00e7a<span style=\"color:#FB543B\">.<\/span><\/h1>\t\t\t\t<\/div>\n\t\t\t\t<\/div>\n\t\t<div class=\"elementor-element elementor-element-94a350e e-con-full e-flex e-con e-child\" data-id=\"94a350e\" data-element_type=\"container\">\n\t\t\t\t<div class=\"elementor-element elementor-element-f0e9909 elementor-widget elementor-widget-heading\" data-id=\"f0e9909\" data-element_type=\"widget\" data-widget_type=\"heading.default\">\n\t\t\t\t<div class=\"elementor-widget-container\">\n\t\t\t\t\t<h2 class=\"elementor-heading-title elementor-size-default\">Agradecemos profundamente os esfor\u00e7os cont\u00ednuos da comunidade de seguran\u00e7a para nos ajudar a manter a seguran\u00e7a e a integridade da nossa plataforma<\/h2>\t\t\t\t<\/div>\n\t\t\t\t<\/div>\n\t\t\t\t<div class=\"elementor-element elementor-element-7fccde2 elementor-widget elementor-widget-text-editor\" data-id=\"7fccde2\" data-element_type=\"widget\" data-widget_type=\"text-editor.default\">\n\t\t\t\t<div class=\"elementor-widget-container\">\n\t\t\t\t\t\t\t\t\t<p>As contribui\u00e7\u00f5es feitas por investigadores de seguran\u00e7a s\u00e3o inestim\u00e1veis \u200b\u200bpara garantir que possamos identificar e abordar potenciais vulnerabilidades antes de elas se tornem um problema maior. Se identificas-te uma vulnerabilidade de seguran\u00e7a no nosso sistema, encorajamos-te a partilhar as tuas descobertas connosco. Teremos muito interesse em analisar qualquer informa\u00e7\u00e3o que possas fornecer sobre o problema. A maneira mais direta e eficaz de relatar tal vulnerabilidade \u00e9 enviar um e-mail diretamente para <a href=\"mailto:security@socios.com\">security@socios.com<\/a>. Para garantires que o teu relat\u00f3rio \u00e9 tratado rapidamente, precisamos que preste aten\u00e7\u00e3o a como o escreves:<\/p>\n\t\t\t\t\t\t\t\t<\/div>\n\t\t\t\t<\/div>\n\t\t\t\t<div class=\"elementor-element elementor-element-b739ea2 elementor-widget elementor-widget-html\" data-id=\"b739ea2\" data-element_type=\"widget\" data-widget_type=\"html.default\">\n\t\t\t\t<div class=\"elementor-widget-container\">\n\t\t\t\t\t<ol>\r\n            <li>\r\n                <div class=\"step-description\">Utiliza um t\u00edtulo descritivo<\/div>\r\n            <\/li>\r\n            <li>\r\n                <div class=\"step-description\">Come\u00e7a com o impacto (baixo, m\u00e9dio, alto)<\/div>\r\n            <\/li>\r\n            <li>\r\n                <div class=\"step-description\">Diz-nos a vers\u00e3o do software onde foi identificada a vulnerabilidade<\/div>\r\n            <\/li>\r\n            <li>\r\n                <div class=\"step-description\">Testa novamente na \u00faltima vers\u00e3o<\/div>\r\n            <\/li>\r\n            <li>\r\n                <div class=\"step-description\">Fornece sempre intru\u00e7\u00f5es de reprodu\u00e7\u00e3o passo a passo<\/div>\r\n            <\/li>\r\n            <li>\r\n                <div class=\"step-description\">Fornece uma Prova de Conceito para nos ajudar<\/div>\r\n            <\/li>\r\n        <\/ol>\t\t\t\t<\/div>\n\t\t\t\t<\/div>\n\t\t\t\t<div class=\"elementor-element elementor-element-009e6a1 elementor-align-center elementor-widget elementor-widget-button\" data-id=\"009e6a1\" data-element_type=\"widget\" data-widget_type=\"button.default\">\n\t\t\t\t<div class=\"elementor-widget-container\">\n\t\t\t\t\t\t\t\t\t<div class=\"elementor-button-wrapper\">\n\t\t\t\t\t<a class=\"elementor-button elementor-button-link elementor-size-sm\" href=\"mailto:security@socios.com\">\n\t\t\t\t\t\t<span class=\"elementor-button-content-wrapper\">\n\t\t\t\t\t\t\t\t\t<span class=\"elementor-button-text\">Reporta o problema de seguran\u00e7a<\/span>\n\t\t\t\t\t<\/span>\n\t\t\t\t\t<\/a>\n\t\t\t\t<\/div>\n\t\t\t\t\t\t\t\t<\/div>\n\t\t\t\t<\/div>\n\t\t\t\t<div class=\"elementor-element elementor-element-a34c37e elementor-widget elementor-widget-text-editor\" data-id=\"a34c37e\" data-element_type=\"widget\" data-widget_type=\"text-editor.default\">\n\t\t\t\t<div class=\"elementor-widget-container\">\n\t\t\t\t\t\t\t\t\tDesta forma, podemos atribuir recursos da melhor maneira poss\u00edvel e corrigir o problema.<bR><br>\r\nObirgada!\t\t\t\t\t\t\t\t<\/div>\n\t\t\t\t<\/div>\n\t\t\t\t<\/div>\n\t\t\t\t\t<\/div>\n\t\t\t\t<\/div>\n\t\t\t\t<\/div>\n\t\t","protected":false},"excerpt":{"rendered":"<p>Reporta um problema de seguran\u00e7a. Agradecemos profundamente os esfor\u00e7os cont\u00ednuos da comunidade de seguran\u00e7a para nos ajudar a manter a seguran\u00e7a e a integridade da nossa plataforma As contribui\u00e7\u00f5es feitas por investigadores de seguran\u00e7a s\u00e3o inestim\u00e1veis \u200b\u200bpara garantir que possamos identificar e abordar potenciais vulnerabilidades antes de elas se tornem um problema maior. Se identificas-te [&hellip;]<\/p>\n","protected":false},"author":9,"featured_media":121618,"parent":0,"menu_order":0,"comment_status":"closed","ping_status":"closed","template":"","meta":{"_acf_changed":false,"footnotes":""},"class_list":["post-136599","page","type-page","status-publish","has-post-thumbnail","hentry"],"acf":[],"yoast_head":"<!-- This site is optimized with the Yoast SEO plugin v26.2 - https:\/\/yoast.com\/wordpress\/plugins\/seo\/ -->\n<title>Security - Socios.com<\/title>\n<meta name=\"robots\" content=\"index, follow, max-snippet:-1, max-image-preview:large, max-video-preview:-1\" \/>\n<link rel=\"canonical\" href=\"https:\/\/www.socios.com\/pt-pt\/security\/\" \/>\n<meta property=\"og:locale\" content=\"pt_PT\" \/>\n<meta property=\"og:type\" content=\"article\" \/>\n<meta property=\"og:title\" content=\"Security - Socios.com\" \/>\n<meta property=\"og:description\" content=\"Reporta um problema de seguran\u00e7a. Agradecemos profundamente os esfor\u00e7os cont\u00ednuos da comunidade de seguran\u00e7a para nos ajudar a manter a seguran\u00e7a e a integridade da nossa plataforma As contribui\u00e7\u00f5es feitas por investigadores de seguran\u00e7a s\u00e3o inestim\u00e1veis \u200b\u200bpara garantir que possamos identificar e abordar potenciais vulnerabilidades antes de elas se tornem um problema maior. Se identificas-te [&hellip;]\" \/>\n<meta property=\"og:url\" content=\"https:\/\/www.socios.com\/pt-pt\/security\/\" \/>\n<meta property=\"og:site_name\" content=\"Socios.com\" \/>\n<meta property=\"article:modified_time\" content=\"2024-10-21T12:22:35+00:00\" \/>\n<meta property=\"og:image\" content=\"https:\/\/www.socios.com\/wp-content\/uploads\/2024\/04\/socios-media.jpeg\" \/>\n\t<meta property=\"og:image:width\" content=\"1200\" \/>\n\t<meta property=\"og:image:height\" content=\"630\" \/>\n\t<meta property=\"og:image:type\" content=\"image\/jpeg\" \/>\n<meta name=\"twitter:card\" content=\"summary_large_image\" \/>\n<meta name=\"twitter:label1\" content=\"Tempo estimado de leitura\" \/>\n\t<meta name=\"twitter:data1\" content=\"1 minuto\" \/>\n<script type=\"application\/ld+json\" class=\"yoast-schema-graph\">{\"@context\":\"https:\/\/schema.org\",\"@graph\":[{\"@type\":\"WebPage\",\"@id\":\"https:\/\/www.socios.com\/pt-pt\/security\/\",\"url\":\"https:\/\/www.socios.com\/pt-pt\/security\/\",\"name\":\"Security - Socios.com\",\"isPartOf\":{\"@id\":\"https:\/\/www.socios.com\/pt-pt\/#website\"},\"primaryImageOfPage\":{\"@id\":\"https:\/\/www.socios.com\/pt-pt\/security\/#primaryimage\"},\"image\":{\"@id\":\"https:\/\/www.socios.com\/pt-pt\/security\/#primaryimage\"},\"thumbnailUrl\":\"https:\/\/www.socios.com\/wp-content\/uploads\/2024\/04\/socios-media.jpeg\",\"datePublished\":\"2024-10-13T15:16:01+00:00\",\"dateModified\":\"2024-10-21T12:22:35+00:00\",\"breadcrumb\":{\"@id\":\"https:\/\/www.socios.com\/pt-pt\/security\/#breadcrumb\"},\"inLanguage\":\"pt-PT\",\"potentialAction\":[{\"@type\":\"ReadAction\",\"target\":[\"https:\/\/www.socios.com\/pt-pt\/security\/\"]}]},{\"@type\":\"ImageObject\",\"inLanguage\":\"pt-PT\",\"@id\":\"https:\/\/www.socios.com\/pt-pt\/security\/#primaryimage\",\"url\":\"https:\/\/www.socios.com\/wp-content\/uploads\/2024\/04\/socios-media.jpeg\",\"contentUrl\":\"https:\/\/www.socios.com\/wp-content\/uploads\/2024\/04\/socios-media.jpeg\",\"width\":1200,\"height\":630},{\"@type\":\"BreadcrumbList\",\"@id\":\"https:\/\/www.socios.com\/pt-pt\/security\/#breadcrumb\",\"itemListElement\":[{\"@type\":\"ListItem\",\"position\":1,\"name\":\"Home\",\"item\":\"https:\/\/www.socios.com\/pt-pt\/\"},{\"@type\":\"ListItem\",\"position\":2,\"name\":\"Security\"}]},{\"@type\":\"WebSite\",\"@id\":\"https:\/\/www.socios.com\/pt-pt\/#website\",\"url\":\"https:\/\/www.socios.com\/pt-pt\/\",\"name\":\"Socios.com\",\"description\":\"\",\"publisher\":{\"@id\":\"https:\/\/www.socios.com\/pt-pt\/#organization\"},\"potentialAction\":[{\"@type\":\"SearchAction\",\"target\":{\"@type\":\"EntryPoint\",\"urlTemplate\":\"https:\/\/www.socios.com\/pt-pt\/?s={search_term_string}\"},\"query-input\":{\"@type\":\"PropertyValueSpecification\",\"valueRequired\":true,\"valueName\":\"search_term_string\"}}],\"inLanguage\":\"pt-PT\"},{\"@type\":\"Organization\",\"@id\":\"https:\/\/www.socios.com\/pt-pt\/#organization\",\"name\":\"Socios.com\",\"url\":\"https:\/\/www.socios.com\/pt-pt\/\",\"logo\":{\"@type\":\"ImageObject\",\"inLanguage\":\"pt-PT\",\"@id\":\"https:\/\/www.socios.com\/pt-pt\/#\/schema\/logo\/image\/\",\"url\":\"https:\/\/www.socios.com\/wp-content\/uploads\/2023\/09\/socios-logo.webp\",\"contentUrl\":\"https:\/\/www.socios.com\/wp-content\/uploads\/2023\/09\/socios-logo.webp\",\"width\":1920,\"height\":341,\"caption\":\"Socios.com\"},\"image\":{\"@id\":\"https:\/\/www.socios.com\/pt-pt\/#\/schema\/logo\/image\/\"}}]}<\/script>\n<!-- \/ Yoast SEO plugin. -->","yoast_head_json":{"title":"Security - Socios.com","robots":{"index":"index","follow":"follow","max-snippet":"max-snippet:-1","max-image-preview":"max-image-preview:large","max-video-preview":"max-video-preview:-1"},"canonical":"https:\/\/www.socios.com\/pt-pt\/security\/","og_locale":"pt_PT","og_type":"article","og_title":"Security - Socios.com","og_description":"Reporta um problema de seguran\u00e7a. Agradecemos profundamente os esfor\u00e7os cont\u00ednuos da comunidade de seguran\u00e7a para nos ajudar a manter a seguran\u00e7a e a integridade da nossa plataforma As contribui\u00e7\u00f5es feitas por investigadores de seguran\u00e7a s\u00e3o inestim\u00e1veis \u200b\u200bpara garantir que possamos identificar e abordar potenciais vulnerabilidades antes de elas se tornem um problema maior. Se identificas-te [&hellip;]","og_url":"https:\/\/www.socios.com\/pt-pt\/security\/","og_site_name":"Socios.com","article_modified_time":"2024-10-21T12:22:35+00:00","og_image":[{"width":1200,"height":630,"url":"https:\/\/www.socios.com\/wp-content\/uploads\/2024\/04\/socios-media.jpeg","type":"image\/jpeg"}],"twitter_card":"summary_large_image","twitter_misc":{"Tempo estimado de leitura":"1 minuto"},"schema":{"@context":"https:\/\/schema.org","@graph":[{"@type":"WebPage","@id":"https:\/\/www.socios.com\/pt-pt\/security\/","url":"https:\/\/www.socios.com\/pt-pt\/security\/","name":"Security - Socios.com","isPartOf":{"@id":"https:\/\/www.socios.com\/pt-pt\/#website"},"primaryImageOfPage":{"@id":"https:\/\/www.socios.com\/pt-pt\/security\/#primaryimage"},"image":{"@id":"https:\/\/www.socios.com\/pt-pt\/security\/#primaryimage"},"thumbnailUrl":"https:\/\/www.socios.com\/wp-content\/uploads\/2024\/04\/socios-media.jpeg","datePublished":"2024-10-13T15:16:01+00:00","dateModified":"2024-10-21T12:22:35+00:00","breadcrumb":{"@id":"https:\/\/www.socios.com\/pt-pt\/security\/#breadcrumb"},"inLanguage":"pt-PT","potentialAction":[{"@type":"ReadAction","target":["https:\/\/www.socios.com\/pt-pt\/security\/"]}]},{"@type":"ImageObject","inLanguage":"pt-PT","@id":"https:\/\/www.socios.com\/pt-pt\/security\/#primaryimage","url":"https:\/\/www.socios.com\/wp-content\/uploads\/2024\/04\/socios-media.jpeg","contentUrl":"https:\/\/www.socios.com\/wp-content\/uploads\/2024\/04\/socios-media.jpeg","width":1200,"height":630},{"@type":"BreadcrumbList","@id":"https:\/\/www.socios.com\/pt-pt\/security\/#breadcrumb","itemListElement":[{"@type":"ListItem","position":1,"name":"Home","item":"https:\/\/www.socios.com\/pt-pt\/"},{"@type":"ListItem","position":2,"name":"Security"}]},{"@type":"WebSite","@id":"https:\/\/www.socios.com\/pt-pt\/#website","url":"https:\/\/www.socios.com\/pt-pt\/","name":"Socios.com","description":"","publisher":{"@id":"https:\/\/www.socios.com\/pt-pt\/#organization"},"potentialAction":[{"@type":"SearchAction","target":{"@type":"EntryPoint","urlTemplate":"https:\/\/www.socios.com\/pt-pt\/?s={search_term_string}"},"query-input":{"@type":"PropertyValueSpecification","valueRequired":true,"valueName":"search_term_string"}}],"inLanguage":"pt-PT"},{"@type":"Organization","@id":"https:\/\/www.socios.com\/pt-pt\/#organization","name":"Socios.com","url":"https:\/\/www.socios.com\/pt-pt\/","logo":{"@type":"ImageObject","inLanguage":"pt-PT","@id":"https:\/\/www.socios.com\/pt-pt\/#\/schema\/logo\/image\/","url":"https:\/\/www.socios.com\/wp-content\/uploads\/2023\/09\/socios-logo.webp","contentUrl":"https:\/\/www.socios.com\/wp-content\/uploads\/2023\/09\/socios-logo.webp","width":1920,"height":341,"caption":"Socios.com"},"image":{"@id":"https:\/\/www.socios.com\/pt-pt\/#\/schema\/logo\/image\/"}}]}},"_links":{"self":[{"href":"https:\/\/www.socios.com\/pt-pt\/wp-json\/wp\/v2\/pages\/136599","targetHints":{"allow":["GET"]}}],"collection":[{"href":"https:\/\/www.socios.com\/pt-pt\/wp-json\/wp\/v2\/pages"}],"about":[{"href":"https:\/\/www.socios.com\/pt-pt\/wp-json\/wp\/v2\/types\/page"}],"author":[{"embeddable":true,"href":"https:\/\/www.socios.com\/pt-pt\/wp-json\/wp\/v2\/users\/9"}],"replies":[{"embeddable":true,"href":"https:\/\/www.socios.com\/pt-pt\/wp-json\/wp\/v2\/comments?post=136599"}],"version-history":[{"count":0,"href":"https:\/\/www.socios.com\/pt-pt\/wp-json\/wp\/v2\/pages\/136599\/revisions"}],"wp:featuredmedia":[{"embeddable":true,"href":"https:\/\/www.socios.com\/pt-pt\/wp-json\/wp\/v2\/media\/121618"}],"wp:attachment":[{"href":"https:\/\/www.socios.com\/pt-pt\/wp-json\/wp\/v2\/media?parent=136599"}],"curies":[{"name":"wp","href":"https:\/\/api.w.org\/{rel}","templated":true}]}}